{"id":69,"date":"2021-07-13T16:14:01","date_gmt":"2021-07-13T14:14:01","guid":{"rendered":"http:\/\/127.0.0.1\/wordpress\/en\/?page_id=69"},"modified":"2021-10-20T14:38:05","modified_gmt":"2021-10-20T12:38:05","slug":"contact-and-routing-info","status":"publish","type":"page","link":"https:\/\/haus-dr-kueng.at\/en\/contact\/contact-and-routing-info\/","title":{"rendered":"Contact and Routing Info"},"content":{"rendered":"\n<h2>Location and Contact<\/h2>\n\n\n\n<div class=\"wp-block-columns\">\n<div class=\"wp-block-column\" style=\"flex-basis:33.33%\">\n<p>Tannberg 204<br>6764 Lech, Austria<br>Tel.: +43 5583 2335<br><a rel=\"noreferrer noopener\" href=\"mailto:mail@haus-dr-kueng.at\" target=\"_blank\">mail@haus-dr-kueng.at<\/a><\/p>\n\n\n\n<div class=\"wp-block-columns\">\n<div class=\"wp-block-column\">\n<figure class=\"wp-block-image size-large\"><img src=\"http:\/\/test.xn--haus-dr-kng-1hb.at\/wordpress\/wp-content\/uploads\/2021\/07\/schlegelkopfhang_nebenan.jpg\" alt=\"\" class=\"wp-image-34\"\/><figcaption>View from the house to the ski slope<\/figcaption><\/figure>\n<\/div>\n<\/div>\n<\/div>\n\n\n\n<div class=\"wp-block-column\" style=\"flex-basis:66.66%\" id=\"mapHDD\">\n<iframe src=\"https:\/\/www.google.com\/maps\/embed?pb=!1m18!1m12!1m3!1d2036.2913169700848!2d10.138829!3d47.209741!2m3!1f0!2f0!3f0!3m2!1i1024!2i768!4f13.1!3m3!1m2!1s0x479ca6e9bb308867%3A0x8e503b128e9c0c0!2sHaus%20Dr.%20K%C3%BCng!5e1!3m2!1sen!2sde!4v1626255170392!5m2!1sen!2sde\" width=\"600\" height=\"450\" style=\"border:0;\" allowfullscreen=\"\" loading=\"lazy\"><\/iframe>\n<\/div>\n<\/div>\n\n\n\n<h2>Arrival by car, train and plane<\/h2>\n\n\n\n<h3>Car<\/h3>\n\n\n\n<h4>Motorway vignette<\/h4>\n\n\n\n<p>Motorways in Austria are subject to tolls. You can get vignettes at border crossings, petrol stations, post offices, tobacconists, your automobile club and Lech Z\u00fcrs Tourismus.<\/p>\n\n\n\n<h4>No access via Warth<\/h4>\n\n\n\n<p>Please note that the Lech &#8211; Warth route is closed during the winter months due to the risk of avalanches. We therefore advise against traveling via the Lech Valley or the Bregenzerwald!<\/p>\n\n\n\n<h4>Traffic<\/h4>\n\n\n\n<p>Especially for Saturdays during the main season, we recommend that you choose your arrival so that the Feldkirch-Lech and Imst-Lech sections are used before 9.30 a.m. and after 2.00 p.m. On the return journey, the time between 10.30 a.m. and 3 p.m. is \u201cprone to traffic jams\u201d.<\/p>\n\n\n\n<h3>Flugh\u00e4fen<\/h3>\n\n\n\n<iframe src=\"https:\/\/www.google.com\/maps\/embed?pb=!1m70!1m12!1m3!1d1373910.7948645337!2d9.145627140360014!3d47.734514381812986!2m3!1f0!2f0!3f0!3m2!1i1024!2i768!4f13.1!4m55!3e0!4m5!1s0x479ca6ecbff254cd%3A0x922c732b52b2e6d9!2sTannberg%20204%2C%206764%20Lech%2C%20Austria!3m2!1d47.209821899999994!2d10.138702!4m5!1s0x479e135923da6d45%3A0xe3c57a853a56cf4b!2sMunich%20International%20Airport%2C%20Nordallee%2C%20M%C3%BCnchen-Flughafen!3m2!1d48.3509684!2d11.7764347!4m5!1s0x479ca6ecbff254cd%3A0x922c732b52b2e6d9!2sTannberg%20204%2C%20Lech%2C%20Austria!3m2!1d47.209821899999994!2d10.138702!4m5!1s0x479d6b75544dd045%3A0x59437c48e3883f19!2sInnsbruck%20Airport%2C%20F%C3%BCrstenweg%2C%20Innsbruck%2C%20Austria!3m2!1d47.2576489!2d11.351307499999999!4m5!1s0x479ca6ecbff254cd%3A0x922c732b52b2e6d9!2sTannberg%20204%2C%20Lech%2C%20Austria!3m2!1d47.209821899999994!2d10.138702!4m5!1s0x479bf3812315268b%3A0xb1eeda306e0b0906!2sMemmingen%20Airport%2C%20Am%20Flughafen%2C%20Memmingerberg!3m2!1d47.986947099999995!2d10.2346334!4m5!1s0x479ca6ecbff254cd%3A0x922c732b52b2e6d9!2sTannberg%20204%2C%20Lech%2C%20Austria!3m2!1d47.209821899999994!2d10.138702!4m5!1s0x479075424052757d%3A0xc66b77d646887658!2sZurich%20Airport%2C%20Kloten%2C%20Switzerland!3m2!1d47.4612352!2d8.5534976!4m5!1s0x479ca6ecbff254cd%3A0x922c732b52b2e6d9!2sTannberg%20204%2C%20Lech%2C%20Austria!3m2!1d47.209821899999994!2d10.138702!5e0!3m2!1sen!2sde!4v1626289566146!5m2!1sen!2sde\" width=\"600\" height=\"250\" style=\"border:0;\" allowfullscreen=\"\" loading=\"lazy\"><\/iframe>\n\n\n\n<ul><li>Innsbruck<\/li><li>Z\u00fcrich<\/li><li>Memmingen<\/li><li>M\u00fcnchen<\/li><li>Mailand<\/li><\/ul>\n\n\n\n<h3>Public Transport<\/h3>\n\n\n\n<h4>Railway station<\/h4>\n\n\n\n<p>The closest train station is in <strong>Langen am Arlberg<\/strong>, 17km away. There are regular taxi and bus connections.<\/p>\n\n\n\n<p>For travel to and from Austria, Germany and Switzerland in winter, there are good rail connections to the Arlberg &#8211; also from the two airports in Zurich and Innsbruck.<\/p>\n\n\n\n<h4>Local Traffic<\/h4>\n\n\n\n<p><strong>Free local and ski bus:<\/strong><br>Als bequeme Verbindung zwischen Lech, Oberlech, Zug und Z\u00fcrs sowie zur Alpe Rauz steht unseren G\u00e4sten ein modernes Bussystem kostenlos zur Verf\u00fcgung (inkludiert im Skipass).<\/p>\n\n\n\n<p><strong>Nachttaxi James:<\/strong><br>F\u00fcr Ihre abendlichen Aktivit\u00e4ten von 19:30 bis 04:00 Uhr fr\u00fch bringt Sie der Linienbus \u201eJames\u201c zu einem attraktiven Tarif von \u20ac 4,00 sicher durch die Nacht.<\/p>\n","protected":false},"excerpt":{"rendered":"<p>Location and Contact Tannberg 2046764 Lech, AustriaTel.: +43 5583 2335mail@haus-dr-kueng.at Arrival by car, train and plane Car Motorway vignette Motorways in Austria are subject to tolls. You can get vignettes at border crossings, petrol stations, post offices, tobacconists, your automobile club and Lech Z\u00fcrs Tourismus. No access via Warth Please note that the Lech &#8211; &#8230; <span class=\"more\"><a class=\"more-link\" href=\"https:\/\/haus-dr-kueng.at\/en\/contact\/contact-and-routing-info\/\">[Read more&#8230;]<\/a><\/span><\/p>\n","protected":false},"author":1,"featured_media":0,"parent":67,"menu_order":0,"comment_status":"closed","ping_status":"closed","template":"page-full-width.php","meta":[],"_links":{"self":[{"href":"https:\/\/haus-dr-kueng.at\/en\/wp-json\/wp\/v2\/pages\/69"}],"collection":[{"href":"https:\/\/haus-dr-kueng.at\/en\/wp-json\/wp\/v2\/pages"}],"about":[{"href":"https:\/\/haus-dr-kueng.at\/en\/wp-json\/wp\/v2\/types\/page"}],"author":[{"embeddable":true,"href":"https:\/\/haus-dr-kueng.at\/en\/wp-json\/wp\/v2\/users\/1"}],"replies":[{"embeddable":true,"href":"https:\/\/haus-dr-kueng.at\/en\/wp-json\/wp\/v2\/comments?post=69"}],"version-history":[{"count":3,"href":"https:\/\/haus-dr-kueng.at\/en\/wp-json\/wp\/v2\/pages\/69\/revisions"}],"predecessor-version":[{"id":126,"href":"https:\/\/haus-dr-kueng.at\/en\/wp-json\/wp\/v2\/pages\/69\/revisions\/126"}],"up":[{"embeddable":true,"href":"https:\/\/haus-dr-kueng.at\/en\/wp-json\/wp\/v2\/pages\/67"}],"wp:attachment":[{"href":"https:\/\/haus-dr-kueng.at\/en\/wp-json\/wp\/v2\/media?parent=69"}],"curies":[{"name":"wp","href":"https:\/\/api.w.org\/{rel}","templated":true}]}}